{"id":6090,"date":"2019-03-25T21:49:11","date_gmt":"2019-03-25T21:49:11","guid":{"rendered":"https:\/\/kayak-nomad.com\/precios\/"},"modified":"2026-03-16T15:54:43","modified_gmt":"2026-03-16T15:54:43","slug":"precios","status":"publish","type":"page","link":"https:\/\/kayak-nomad.com\/es\/precios\/","title":{"rendered":"Excursiones en kayak"},"content":{"rendered":"\n<h2 id=\"kayak-tour-40-per-person\" class=\"wp-block-heading has-custom-lineheight\" style=\"line-height:2.02\">Excursi\u00f3n costera en kayak<\/h2>\n\n<p class=\"has-medium-font-size wp-block-paragraph\">\u2b50 Excursi\u00f3n m\u00e1s popular<\/p>\n\n<p class=\"has-medium-font-size wp-block-paragraph\">Explora la impresionante costa de Jersey, rema bajo acantilados y descubre vistas incre\u00edbles de la isla en esta aventura guiada de kayak de mar apta para principiantes.<\/p>\n\n<ul class=\"wp-block-list has-medium-font-size\">\n<li>Apto para principiantes<\/li>\n\n\n\n<li>Cuevas y playas ocultas<\/li>\n\n\n\n<li>Grupos peque\u00f1os guiados<\/li>\n<\/ul>\n\n<p class=\"has-medium-font-size wp-block-paragraph\">\u23f1 2 h 15 min (10:00 o 14:00)<br\/>\ud83d\udcb0 47,50 \u00a3 por persona<\/p>\n\n<p class=\"has-medium-font-size wp-block-paragraph\"><a href=\"https:\/\/kayak-nomad.com\/es\/excursiones-en-kayak-en-jersey\/\">M\u00e1s informaci\u00f3n&#8230;<\/a><\/p>\n\n<script type=\"text\/javascript\" src=\"https:\/\/widgets.bokun.io\/assets\/javascripts\/apps\/build\/BokunWidgetsLoader.js?bookingChannelUUID=4ee258d8-9b4c-47ba-a0ec-e0818da93d0e\" async=\"\"><\/script>\n      <style> #bokun_b82ca4f7_d977_481f_a594_06d2b4839271 { display: inline-block; padding: 10px 20px; background: #f05423; border-radius: 20px; box-shadow: none; font-weight: 600; font-size: 16px; text-decoration: none; text-align: center; color: #FFFFFF; border:none; cursor: pointer; transition: background .2s ease; margin-top: 10px;  margin-right: 10px;} #bokun_b82ca4f7_d977_481f_a594_06d2b4839271:hover{ background: #ba360d; } #bokun_b82ca4f7_d977_481f_a594_06d2b4839271:active{ background: #d23d0e; } <\/style> <button class=\"bokunButton\" disabled=\"disabled\" id=\"bokun_b82ca4f7_d977_481f_a594_06d2b4839271\" data-src=\"https:\/\/widgets.bokun.io\/online-sales\/4ee258d8-9b4c-47ba-a0ec-e0818da93d0e\/experience\/1117168?partialView=1\" data-testid=\"widget-book-button\"> Reservar tour en kayak Sit on Top <\/button>\n\n<script type=\"text\/javascript\" src=\"https:\/\/widgets.bokun.io\/assets\/javascripts\/apps\/build\/BokunWidgetsLoader.js?bookingChannelUUID=4ee258d8-9b4c-47ba-a0ec-e0818da93d0e\" async=\"\"><\/script>\n      <style> #bokun_02bf179b_120e_4294_8703_47da4f7301bf { display: inline-block; padding: 10px 20px; background: #f05423; border-radius: 20px; box-shadow: none; font-weight: 600; font-size: 16px; text-decoration: none; text-align: center; color: #FFFFFF; border:none; cursor: pointer; transition: background .2s ease; margin-top: 10px; } #bokun_02bf179b_120e_4294_8703_47da4f7301bf:hover{ background: #ba360d; } #bokun_02bf179b_120e_4294_8703_47da4f7301bf:active{ background: #d23d0e; } <\/style> <button class=\"bokunButton\" disabled=\"disabled\" id=\"bokun_02bf179b_120e_4294_8703_47da4f7301bf\" data-src=\"https:\/\/widgets.bokun.io\/online-sales\/4ee258d8-9b4c-47ba-a0ec-e0818da93d0e\/experience\/1117952?partialView=1\" data-testid=\"widget-book-button\"> Reservar tour en kayak de mar <\/button>\n\n<h2 id=\"day-trips-80-per-person\" class=\"wp-block-heading has-custom-lineheight\" style=\"line-height:2.02\">Aventura de d\u00eda completo en kayak de mar<\/h2>\n\n<p class=\"has-medium-font-size wp-block-paragraph\">Un d\u00eda completo explorando la costa remota de Jersey con parada para comer en la playa.<\/p>\n\n<ul class=\"wp-block-list has-medium-font-size\">\n<li>Descubre acantilados y cuevas remotos<\/li>\n\n\n\n<li>Parada para comer en la playa (trae tu comida)<\/li>\n\n\n\n<li>Aut\u00e9ntica aventura en kayak de mar<\/li>\n<\/ul>\n\n<p class=\"has-medium-font-size wp-block-paragraph\">\u23f1 6 horas (10:00 &#8211; 16:00)<br\/>\ud83d\udcb0 95 \u00a3 por persona<\/p>\n\n<p class=\"has-medium-font-size wp-block-paragraph\"><a href=\"https:\/\/kayak-nomad.com\/es\/excursiones-de-un-dia-en-kayak-de-mar-en-jersey\/\">M\u00e1s informaci\u00f3n&#8230;<\/a><\/p>\n\n<script type=\"text\/javascript\" src=\"https:\/\/widgets.bokun.io\/assets\/javascripts\/apps\/build\/BokunWidgetsLoader.js?bookingChannelUUID=4ee258d8-9b4c-47ba-a0ec-e0818da93d0e\" async=\"\"><\/script>\n      <style> #bokun_f2f07c09_f95f_430e_a078_6b597ef1cf45 { display: inline-block; padding: 10px 20px; background: #f05423; border-radius: 20px; box-shadow: none; font-weight: 600; font-size: 16px; text-decoration: none; text-align: center; color: #FFFFFF; border:none; cursor: pointer; transition: background .2s ease; } #bokun_f2f07c09_f95f_430e_a078_6b597ef1cf45:hover{ background: #ba360d; } #bokun_f2f07c09_f95f_430e_a078_6b597ef1cf45:active{ background: #d23d0e; } <\/style> <button class=\"bokunButton\" disabled=\"disabled\" id=\"bokun_f2f07c09_f95f_430e_a078_6b597ef1cf45\" data-src=\"https:\/\/widgets.bokun.io\/online-sales\/4ee258d8-9b4c-47ba-a0ec-e0818da93d0e\/experience\/1117242?partialView=1\" data-testid=\"widget-book-button\"> Reservar excursi\u00f3n de un d\u00eda en kayak de mar <\/button>\n\n<h2 id=\"kayak-tour-40-per-person\" class=\"wp-block-heading has-custom-lineheight\" style=\"line-height:2.02\">Excursi\u00f3n en kayak al atardecer<\/h2>\n\n<p class=\"has-medium-font-size wp-block-paragraph\">\ud83c\udf05 Paseo rom\u00e1ntico al anochecer<\/p>\n\n<p class=\"has-medium-font-size wp-block-paragraph\">Vive la costa de Jersey en la hora dorada mientras el sol se pone sobre el mar.<\/p>\n\n<ul class=\"wp-block-list has-medium-font-size\">\n<li>Perfecto para parejas<\/li>\n\n\n\n<li>Condiciones tranquilas al atardecer<\/li>\n\n\n\n<li>Vistas impresionantes del atardecer<\/li>\n<\/ul>\n\n<p class=\"has-medium-font-size wp-block-paragraph\">\u23f1 2 h 15 min (18:00)<br\/>\ud83d\udcb0 47,50 \u00a3 por persona<\/p>\n\n<p class=\"has-medium-font-size wp-block-paragraph\"><a href=\"https:\/\/kayak-nomad.com\/es\/tours-en-kayak-al-atardecer-en-jersey\/\">M\u00e1s informaci\u00f3n&#8230;<\/a>.<\/p>\n\n<script type=\"text\/javascript\" src=\"https:\/\/widgets.bokun.io\/assets\/javascripts\/apps\/build\/BokunWidgetsLoader.js?bookingChannelUUID=4ee258d8-9b4c-47ba-a0ec-e0818da93d0e\" async=\"\"><\/script>\n      <style> #bokun_77479671_1915_4c48_a165_271ec15ebe59 { display: inline-block; padding: 10px 20px; background: #f05423; border-radius: 20px; box-shadow: none; font-weight: 600; font-size: 16px; text-decoration: none; text-align: center; color: #FFFFFF; border:none; cursor: pointer; transition: background .2s ease; margin-top: 10px;  margin-right: 10px;} #bokun_77479671_1915_4c48_a165_271ec15ebe59:hover{ background: #ba360d; } #bokun_77479671_1915_4c48_a165_271ec15ebe59:active{ background: #d23d0e; } <\/style> <button class=\"bokunButton\" disabled=\"disabled\" id=\"bokun_77479671_1915_4c48_a165_271ec15ebe59\" data-src=\"https:\/\/widgets.bokun.io\/online-sales\/4ee258d8-9b4c-47ba-a0ec-e0818da93d0e\/experience\/1118825?partialView=1\" data-testid=\"widget-book-button\"> Reservar tour al atardecer en kayak Sit on Top <\/button>\n\n<script type=\"text\/javascript\" src=\"https:\/\/widgets.bokun.io\/assets\/javascripts\/apps\/build\/BokunWidgetsLoader.js?bookingChannelUUID=4ee258d8-9b4c-47ba-a0ec-e0818da93d0e\" async=\"\"><\/script>\n      <style> #bokun_3bfb6d9d_e3d4_49aa_84eb_81b9ca5c6e55 { display: inline-block; padding: 10px 20px; background: #f05423; border-radius: 20px; box-shadow: none; font-weight: 600; font-size: 16px; text-decoration: none; text-align: center; color: #FFFFFF; border:none; cursor: pointer; transition: background .2s ease; margin-top: 10px; } #bokun_3bfb6d9d_e3d4_49aa_84eb_81b9ca5c6e55:hover{ background: #ba360d; } #bokun_3bfb6d9d_e3d4_49aa_84eb_81b9ca5c6e55:active{ background: #d23d0e; } <\/style> <button class=\"bokunButton\" disabled=\"disabled\" id=\"bokun_3bfb6d9d_e3d4_49aa_84eb_81b9ca5c6e55\" data-src=\"https:\/\/widgets.bokun.io\/online-sales\/4ee258d8-9b4c-47ba-a0ec-e0818da93d0e\/experience\/1118831?partialView=1\" data-testid=\"widget-book-button\"> Reservar tour al atardecer en kayak de mar <\/button>\n\n<h2 id=\"coaching-and-training-price-on-request\" class=\"wp-block-heading has-custom-lineheight\" style=\"line-height:2.02\">Excursiones avanzadas en kayak de mar costa afuera\/con pernocta <\/h2>\n\n<p class=\"has-medium-font-size wp-block-paragraph\">D\u00e9jame planificar una gran aventura de un d\u00eda a los arrecifes exteriores que rodean Jersey. Como excursiones de un d\u00eda a Paternosters, Les \u00c9cr\u00e9hous y Les Dirouilles. O un viaje de una noche a Les \u00c9cr\u00e9hous o Les Minquiers. M\u00edn. 2 personas, m\u00e1x. 6 (se pueden aumentar las proporciones con gu\u00edas adicionales). Debes ser capaz de remar 2-3 horas a 3-3,5 nudos de forma continua.    <\/p>\n\n<p class=\"has-medium-font-size wp-block-paragraph\">Todo el equipo de remo incluido, adem\u00e1s de hornillos y combustible. <\/p>\n\n<p class=\"has-medium-font-size wp-block-paragraph\">NO incluido: equipo de acampada personal como saco de dormir, esterilla y tienda\/funda vivac.<\/p>\n\n<p class=\"has-medium-font-size wp-block-paragraph\">\u23f1 1 &#8211; 2 d\u00edas<br\/>\ud83d\udcb0 135 \u00a3 por persona al d\u00eda<\/p>\n\n<hr class=\"wp-block-separator has-alpha-channel-opacity\"\/>\n\n<p class=\"wp-block-paragraph\"><\/p>\n<\/p>\n\n<h2 class=\"wp-block-heading\" style=\"line-height:1\">\u00bfQu\u00e9 excursi\u00f3n es la adecuada para ti?<\/h2>\n\n<p class=\"has-medium-font-size wp-block-paragraph\"><strong>\u00bfNuevo en el kayak?<\/strong><br\/>\u2192 Aventura costera en kayak<\/p>\n\n<p class=\"has-medium-font-size wp-block-paragraph\"><strong>\u00bfBuscas una actividad rom\u00e1ntica para la tarde?<\/strong><br\/>\u2192 Excursi\u00f3n en kayak al atardecer<\/p>\n\n<p class=\"has-medium-font-size wp-block-paragraph\"><strong>\u00bfKayakista intermedio que quiere explorar Jersey?<\/strong><br\/>\u2192 Excursi\u00f3n de d\u00eda completo en kayak de mar <\/p>\n\n<p class=\"has-medium-font-size wp-block-paragraph\"><strong>\u00bfKayakistas avanzados que buscan un desaf\u00edo<\/strong>?<br\/>\u2192 Excursi\u00f3n de un d\u00eda en kayak de mar en alta mar o aventura de una noche<\/p>\n\n<hr class=\"wp-block-separator has-alpha-channel-opacity\"\/>\n<p\/>\n\n<h2 class=\"wp-block-heading\" style=\"line-height:1\">\u00bfPor qu\u00e9 remar con Kayak Nomad?<\/h2>\n\n<ul class=\"wp-block-list\">\n<li class=\"has-medium-font-size\">Gu\u00edas locales cualificados de kayak de mar<\/li>\n\n\n\n<li class=\"has-medium-font-size\">Grupos peque\u00f1os y amigables (m\u00e1x. 8 remeros)<\/li>\n\n\n\n<li class=\"has-medium-font-size\">Kayaks estables aptos para principiantes<\/li>\n\n\n\n<li class=\"has-medium-font-size\">Explora cuevas, acantilados y playas ocultas<\/li>\n\n\n\n<li class=\"has-medium-font-size\">Todo el equipo incluido<\/li>\n<\/ul>\n\n<p class=\"has-medium-font-size wp-block-paragraph\">Cientos de visitantes han experimentado la costa de Jersey desde el agua con <strong>Kayak Nomad<\/strong>.<\/p>\n\n<hr class=\"wp-block-separator has-alpha-channel-opacity\"\/>\n\n<h2 id=\"children-age-ranges-and-prices\" class=\"wp-block-heading has-custom-lineheight\" style=\"line-height:2.02\">Ni\u00f1os: rangos de edad y precios<\/h2>\n\n<p class=\"has-medium-font-size wp-block-paragraph\">Los ni\u00f1os de 6 a 12 a\u00f1os deben ir en un kayak doble con un adulto acompa\u00f1ante.<\/p>\n\n<p class=\"has-medium-font-size wp-block-paragraph\">Los j\u00f3venes de 12 a 17 a\u00f1os pueden remar en su propio kayak.<\/p>\n\n<p class=\"has-medium-font-size wp-block-paragraph\">Tour en kayak: todos los ni\u00f1os\/menores de 18 a\u00f1os cuestan 37,50 \u00a3 <\/p>\n\n<p class=\"has-medium-font-size wp-block-paragraph\">pp = por persona<\/p>\n\n<p class=\"wp-block-paragraph\"><\/p>\n\n<h3 id=\"terms-and-conditions-and-privacy-policy\" class=\"wp-block-heading has-medium-font-size has-custom-lineheight\" style=\"line-height:2.02\"><a href=\"https:\/\/kayak-nomad.com\/es\/terminos-y-condiciones\/\" data-type=\"page\" data-id=\"392\">T\u00e9rminos y condiciones<\/a>      <a href=\"https:\/\/kayak-nomad.com\/es\/politica-de-privacidad\/\" data-type=\"page\" data-id=\"377\">Pol\u00edtica de privacidad<\/a><\/h3>\n","protected":false},"excerpt":{"rendered":"<p>Excursi\u00f3n costera en kayak \u2b50 Excursi\u00f3n m\u00e1s popular Explora la impresionante costa de Jersey, rema bajo acantilados y descubre vistas incre\u00edbles de la isla en esta aventura guiada de kayak&#8230;<\/p>\n","protected":false},"author":99591020,"featured_media":0,"parent":0,"menu_order":0,"comment_status":"closed","ping_status":"closed","template":"","meta":{"_coblocks_attr":"","_coblocks_dimensions":"","_coblocks_responsive_height":"","_coblocks_accordion_ie_support":"","_crdt_document":"","_sitemap_exclude":false,"_sitemap_priority":"","_sitemap_frequency":"","advanced_seo_description":"","jetpack_seo_html_title":"","jetpack_seo_noindex":false,"jetpack_post_was_ever_published":false,"footnotes":""},"class_list":["post-6090","page","type-page","status-publish","hentry"],"jetpack_likes_enabled":true,"jetpack_sharing_enabled":true,"jetpack_shortlink":"https:\/\/wp.me\/PaPX4Q-1Ae","_links":{"self":[{"href":"https:\/\/kayak-nomad.com\/es\/wp-json\/wp\/v2\/pages\/6090","targetHints":{"allow":["GET"]}}],"collection":[{"href":"https:\/\/kayak-nomad.com\/es\/wp-json\/wp\/v2\/pages"}],"about":[{"href":"https:\/\/kayak-nomad.com\/es\/wp-json\/wp\/v2\/types\/page"}],"author":[{"embeddable":true,"href":"https:\/\/kayak-nomad.com\/es\/wp-json\/wp\/v2\/users\/99591020"}],"replies":[{"embeddable":true,"href":"https:\/\/kayak-nomad.com\/es\/wp-json\/wp\/v2\/comments?post=6090"}],"version-history":[{"count":7,"href":"https:\/\/kayak-nomad.com\/es\/wp-json\/wp\/v2\/pages\/6090\/revisions"}],"predecessor-version":[{"id":6794,"href":"https:\/\/kayak-nomad.com\/es\/wp-json\/wp\/v2\/pages\/6090\/revisions\/6794"}],"wp:attachment":[{"href":"https:\/\/kayak-nomad.com\/es\/wp-json\/wp\/v2\/media?parent=6090"}],"curies":[{"name":"wp","href":"https:\/\/api.w.org\/{rel}","templated":true}]}}