{"id":6097,"date":"2019-03-24T20:37:30","date_gmt":"2019-03-24T20:37:30","guid":{"rendered":"https:\/\/kayak-nomad.com\/contact\/"},"modified":"2026-03-22T20:46:32","modified_gmt":"2026-03-22T20:46:32","slug":"contact","status":"publish","type":"page","link":"https:\/\/kayak-nomad.com\/fr\/contact\/","title":{"rendered":"Contact"},"content":{"rendered":"<div class=\"wp-block-jetpack-contact-form is-vertical is-content-justification-center is-nowrap is-layout-flex wp-container-jetpack-contact-form-is-layout-1e40db65 wp-block-jetpack-contact-form-is-layout-flex\"><a href=\"https:\/\/kayak-nomad.com\/fr\/contact\/\" target=\"_blank\" rel=\"noopener noreferrer\">Soumettre un formulaire.<\/a><\/div>\n<p class=\"wp-block-paragraph\"><\/p>\n\n<p class=\"has-medium-font-size wp-block-paragraph\">Courriel : <a href=\"mailto:info@kayak-nomad.com\">info@kayak-nomad.com<\/a><\/p>\n\n<p class=\"has-medium-font-size wp-block-paragraph\">T\u00e9l. : +44 (0)7700 806258<\/p>\n\n<p class=\"has-medium-font-size wp-block-paragraph\">Bas\u00e9s \u00e0 Jersey, \u00eeles Anglo-Normandes<\/p>\n","protected":false},"excerpt":{"rendered":"<p>Page de contact de Kayak Nomad &#8211; R\u00e9server une sortie. Venez explorer Jersey en kayak. <\/p>\n","protected":false},"author":99591020,"featured_media":0,"parent":0,"menu_order":3,"comment_status":"closed","ping_status":"closed","template":"","meta":{"_coblocks_attr":"","_coblocks_dimensions":"","_coblocks_responsive_height":"","_coblocks_accordion_ie_support":"","_crdt_document":"","_sitemap_exclude":false,"_sitemap_priority":"","_sitemap_frequency":"","advanced_seo_description":"","jetpack_seo_html_title":"","jetpack_seo_noindex":false,"footnotes":""},"class_list":["post-6097","page","type-page","status-publish","hentry"],"jetpack_likes_enabled":true,"jetpack_sharing_enabled":true,"jetpack_shortlink":"https:\/\/wp.me\/PaPX4Q-1Al","_links":{"self":[{"href":"https:\/\/kayak-nomad.com\/fr\/wp-json\/wp\/v2\/pages\/6097","targetHints":{"allow":["GET"]}}],"collection":[{"href":"https:\/\/kayak-nomad.com\/fr\/wp-json\/wp\/v2\/pages"}],"about":[{"href":"https:\/\/kayak-nomad.com\/fr\/wp-json\/wp\/v2\/types\/page"}],"author":[{"embeddable":true,"href":"https:\/\/kayak-nomad.com\/fr\/wp-json\/wp\/v2\/users\/99591020"}],"replies":[{"embeddable":true,"href":"https:\/\/kayak-nomad.com\/fr\/wp-json\/wp\/v2\/comments?post=6097"}],"version-history":[{"count":3,"href":"https:\/\/kayak-nomad.com\/fr\/wp-json\/wp\/v2\/pages\/6097\/revisions"}],"predecessor-version":[{"id":6830,"href":"https:\/\/kayak-nomad.com\/fr\/wp-json\/wp\/v2\/pages\/6097\/revisions\/6830"}],"wp:attachment":[{"href":"https:\/\/kayak-nomad.com\/fr\/wp-json\/wp\/v2\/media?parent=6097"}],"curies":[{"name":"wp","href":"https:\/\/api.w.org\/{rel}","templated":true}]}}